{"id":16052,"date":"2025-02-22T18:44:05","date_gmt":"2025-02-22T17:44:05","guid":{"rendered":"https:\/\/branchestore.com\/product\/aya-muse-10\/"},"modified":"2025-07-13T17:41:02","modified_gmt":"2025-07-13T15:41:02","slug":"aya-muse-10","status":"publish","type":"product","link":"https:\/\/branchestore.com\/pl\/produkt\/aya-muse-10\/","title":{"rendered":"AYA MUSE"},"content":{"rendered":"<ul>\n<li>D\u0142uga suknia z g\u0142\u0119bokim dekoltem<\/li>\n<li>Odczepiany szal<\/li>\n<li>Kolor grafitowy<\/li>\n<li>Sk\u0142ad 75% bawe\u0142na, 25% nylon<\/li>\n<li>Czyszczenie chemiczne<\/li>\n<li>ID Produktu AMR2504<\/li>\n<\/ul>\n","protected":false},"excerpt":{"rendered":"<p>Sukienka Eden<\/p>\n","protected":false},"featured_media":12766,"template":"","meta":{"site-sidebar-layout":"default","site-content-layout":"","ast-site-content-layout":"default","site-content-style":"default","site-sidebar-style":"default","ast-global-header-display":"","ast-banner-title-visibility":"","ast-main-header-display":"","ast-hfb-above-header-display":"","ast-hfb-below-header-display":"","ast-hfb-mobile-header-display":"","site-post-title":"","ast-breadcrumbs-content":"","ast-featured-img":"","footer-sml-layout":"","theme-transparent-header-meta":"default","adv-header-id-meta":"","stick-header-meta":"","header-above-stick-meta":"","header-main-stick-meta":"","header-below-stick-meta":"","astra-migrate-meta-layouts":"set","ast-page-background-enabled":"default","ast-page-background-meta":{"desktop":{"background-color":"var(--ast-global-color-4)","background-image":"","background-repeat":"repeat","background-position":"center center","background-size":"auto","background-attachment":"scroll","background-type":"","background-media":"","overlay-type":"","overlay-color":"","overlay-opacity":"","overlay-gradient":""},"tablet":{"background-color":"","background-image":"","background-repeat":"repeat","background-position":"center center","background-size":"auto","background-attachment":"scroll","background-type":"","background-media":"","overlay-type":"","overlay-color":"","overlay-opacity":"","overlay-gradient":""},"mobile":{"background-color":"","background-image":"","background-repeat":"repeat","background-position":"center center","background-size":"auto","background-attachment":"scroll","background-type":"","background-media":"","overlay-type":"","overlay-color":"","overlay-opacity":"","overlay-gradient":""}},"ast-content-background-meta":{"desktop":{"background-color":"var(--ast-global-color-5)","background-image":"","background-repeat":"repeat","background-position":"center center","background-size":"auto","background-attachment":"scroll","background-type":"","background-media":"","overlay-type":"","overlay-color":"","overlay-opacity":"","overlay-gradient":""},"tablet":{"background-color":"var(--ast-global-color-5)","background-image":"","background-repeat":"repeat","background-position":"center center","background-size":"auto","background-attachment":"scroll","background-type":"","background-media":"","overlay-type":"","overlay-color":"","overlay-opacity":"","overlay-gradient":""},"mobile":{"background-color":"var(--ast-global-color-5)","background-image":"","background-repeat":"repeat","background-position":"center center","background-size":"auto","background-attachment":"scroll","background-type":"","background-media":"","overlay-type":"","overlay-color":"","overlay-opacity":"","overlay-gradient":""}}},"product_brand":[],"product_cat":[202,203,205,213,195],"product_tag":[],"class_list":{"0":"post-16052","1":"product","2":"type-product","3":"status-publish","4":"has-post-thumbnail","6":"product_cat-clothing-pl","7":"product_cat-all-pl","8":"product_cat-dresses-pl","9":"product_cat-designers-pl","10":"product_cat-aya-muse-pl","11":"desktop-align-left","12":"tablet-align-left","13":"mobile-align-left","15":"first","16":"instock","17":"sale","18":"taxable","19":"shipping-taxable","20":"purchasable","21":"product-type-variable","22":"has-default-attributes","23":"rtwpvg-product"},"yoast_head":"<!-- This site is optimized with the Yoast SEO plugin v24.6 - https:\/\/yoast.com\/wordpress\/plugins\/seo\/ -->\n<link rel=\"canonical\" href=\"https:\/\/branchestore.com\/pl\/produkt\/aya-muse-10\/\" \/>\n<meta property=\"og:locale\" content=\"pl_PL\" \/>\n<meta property=\"og:type\" content=\"article\" \/>\n<meta property=\"og:url\" content=\"https:\/\/branchestore.com\/pl\/produkt\/aya-muse-10\/\" \/>\n<meta property=\"og:site_name\" content=\"Branch\u00e9 store\" \/>\n<meta property=\"article:modified_time\" content=\"2025-07-13T15:41:02+00:00\" \/>\n<meta property=\"og:image\" content=\"https:\/\/branchestore.com\/wp-content\/uploads\/2025\/01\/01-10.jpg\" \/>\n\t<meta property=\"og:image:width\" content=\"803\" \/>\n\t<meta property=\"og:image:height\" content=\"1150\" \/>\n\t<meta property=\"og:image:type\" content=\"image\/jpeg\" \/>\n<meta name=\"twitter:card\" content=\"summary_large_image\" \/>\n<meta name=\"twitter:label1\" content=\"Szacowany czas czytania\" \/>\n\t<meta name=\"twitter:data1\" content=\"1 minuta\" \/>\n<script type=\"application\/ld+json\" class=\"yoast-schema-graph\">{\"@context\":\"https:\/\/schema.org\",\"@graph\":[{\"@type\":\"WebPage\",\"@id\":\"https:\/\/branchestore.com\/pl\/produkt\/aya-muse-10\/\",\"url\":\"https:\/\/branchestore.com\/pl\/produkt\/aya-muse-10\/\",\"name\":\"AYA MUSE - Branch\u00e9 store\",\"isPartOf\":{\"@id\":\"https:\/\/branchestore.com\/pl\/#website\"},\"primaryImageOfPage\":{\"@id\":\"https:\/\/branchestore.com\/pl\/produkt\/aya-muse-10\/#primaryimage\"},\"image\":{\"@id\":\"https:\/\/branchestore.com\/pl\/produkt\/aya-muse-10\/#primaryimage\"},\"thumbnailUrl\":\"https:\/\/branchestore.com\/wp-content\/uploads\/2025\/01\/01-10.jpg\",\"datePublished\":\"2025-02-22T17:44:05+00:00\",\"dateModified\":\"2025-07-13T15:41:02+00:00\",\"breadcrumb\":{\"@id\":\"https:\/\/branchestore.com\/pl\/produkt\/aya-muse-10\/#breadcrumb\"},\"inLanguage\":\"pl-PL\",\"potentialAction\":[{\"@type\":\"ReadAction\",\"target\":[\"https:\/\/branchestore.com\/pl\/produkt\/aya-muse-10\/\"]}]},{\"@type\":\"ImageObject\",\"inLanguage\":\"pl-PL\",\"@id\":\"https:\/\/branchestore.com\/pl\/produkt\/aya-muse-10\/#primaryimage\",\"url\":\"https:\/\/branchestore.com\/wp-content\/uploads\/2025\/01\/01-10.jpg\",\"contentUrl\":\"https:\/\/branchestore.com\/wp-content\/uploads\/2025\/01\/01-10.jpg\",\"width\":803,\"height\":1150},{\"@type\":\"BreadcrumbList\",\"@id\":\"https:\/\/branchestore.com\/pl\/produkt\/aya-muse-10\/#breadcrumb\",\"itemListElement\":[{\"@type\":\"ListItem\",\"position\":1,\"name\":\"Strona g\u0142\u00f3wna\",\"item\":\"https:\/\/branchestore.com\/pl\/strona-glowna\/\"},{\"@type\":\"ListItem\",\"position\":2,\"name\":\"Sklep\",\"item\":\"https:\/\/branchestore.com\/pl\/sklep-2\/\"},{\"@type\":\"ListItem\",\"position\":3,\"name\":\"AYA MUSE\"}]},{\"@type\":\"WebSite\",\"@id\":\"https:\/\/branchestore.com\/pl\/#website\",\"url\":\"https:\/\/branchestore.com\/pl\/\",\"name\":\"Branch\u00e9 store\",\"description\":\"\",\"publisher\":{\"@id\":\"https:\/\/branchestore.com\/pl\/#organization\"},\"alternateName\":\"Branch\u00e9\",\"potentialAction\":[{\"@type\":\"SearchAction\",\"target\":{\"@type\":\"EntryPoint\",\"urlTemplate\":\"https:\/\/branchestore.com\/pl\/?s={search_term_string}\"},\"query-input\":{\"@type\":\"PropertyValueSpecification\",\"valueRequired\":true,\"valueName\":\"search_term_string\"}}],\"inLanguage\":\"pl-PL\"},{\"@type\":\"Organization\",\"@id\":\"https:\/\/branchestore.com\/pl\/#organization\",\"name\":\"Branch\u00e9 store\",\"url\":\"https:\/\/branchestore.com\/pl\/\",\"logo\":{\"@type\":\"ImageObject\",\"inLanguage\":\"pl-PL\",\"@id\":\"https:\/\/branchestore.com\/pl\/#\/schema\/logo\/image\/\",\"url\":\"https:\/\/branchestore.com\/wp-content\/uploads\/2024\/03\/branchstore_black.svg\",\"contentUrl\":\"https:\/\/branchestore.com\/wp-content\/uploads\/2024\/03\/branchstore_black.svg\",\"width\":291,\"height\":98,\"caption\":\"Branch\u00e9 store\"},\"image\":{\"@id\":\"https:\/\/branchestore.com\/pl\/#\/schema\/logo\/image\/\"}}]}<\/script>\n<!-- \/ Yoast SEO plugin. -->","yoast_head_json":{"canonical":"https:\/\/branchestore.com\/pl\/produkt\/aya-muse-10\/","og_locale":"pl_PL","og_type":"article","og_url":"https:\/\/branchestore.com\/pl\/produkt\/aya-muse-10\/","og_site_name":"Branch\u00e9 store","article_modified_time":"2025-07-13T15:41:02+00:00","og_image":[{"width":803,"height":1150,"url":"https:\/\/branchestore.com\/wp-content\/uploads\/2025\/01\/01-10.jpg","type":"image\/jpeg"}],"twitter_card":"summary_large_image","twitter_misc":{"Szacowany czas czytania":"1 minuta"},"schema":{"@context":"https:\/\/schema.org","@graph":[{"@type":"WebPage","@id":"https:\/\/branchestore.com\/pl\/produkt\/aya-muse-10\/","url":"https:\/\/branchestore.com\/pl\/produkt\/aya-muse-10\/","name":"AYA MUSE - Branch\u00e9 store","isPartOf":{"@id":"https:\/\/branchestore.com\/pl\/#website"},"primaryImageOfPage":{"@id":"https:\/\/branchestore.com\/pl\/produkt\/aya-muse-10\/#primaryimage"},"image":{"@id":"https:\/\/branchestore.com\/pl\/produkt\/aya-muse-10\/#primaryimage"},"thumbnailUrl":"https:\/\/branchestore.com\/wp-content\/uploads\/2025\/01\/01-10.jpg","datePublished":"2025-02-22T17:44:05+00:00","dateModified":"2025-07-13T15:41:02+00:00","breadcrumb":{"@id":"https:\/\/branchestore.com\/pl\/produkt\/aya-muse-10\/#breadcrumb"},"inLanguage":"pl-PL","potentialAction":[{"@type":"ReadAction","target":["https:\/\/branchestore.com\/pl\/produkt\/aya-muse-10\/"]}]},{"@type":"ImageObject","inLanguage":"pl-PL","@id":"https:\/\/branchestore.com\/pl\/produkt\/aya-muse-10\/#primaryimage","url":"https:\/\/branchestore.com\/wp-content\/uploads\/2025\/01\/01-10.jpg","contentUrl":"https:\/\/branchestore.com\/wp-content\/uploads\/2025\/01\/01-10.jpg","width":803,"height":1150},{"@type":"BreadcrumbList","@id":"https:\/\/branchestore.com\/pl\/produkt\/aya-muse-10\/#breadcrumb","itemListElement":[{"@type":"ListItem","position":1,"name":"Strona g\u0142\u00f3wna","item":"https:\/\/branchestore.com\/pl\/strona-glowna\/"},{"@type":"ListItem","position":2,"name":"Sklep","item":"https:\/\/branchestore.com\/pl\/sklep-2\/"},{"@type":"ListItem","position":3,"name":"AYA MUSE"}]},{"@type":"WebSite","@id":"https:\/\/branchestore.com\/pl\/#website","url":"https:\/\/branchestore.com\/pl\/","name":"Branch\u00e9 store","description":"","publisher":{"@id":"https:\/\/branchestore.com\/pl\/#organization"},"alternateName":"Branch\u00e9","potentialAction":[{"@type":"SearchAction","target":{"@type":"EntryPoint","urlTemplate":"https:\/\/branchestore.com\/pl\/?s={search_term_string}"},"query-input":{"@type":"PropertyValueSpecification","valueRequired":true,"valueName":"search_term_string"}}],"inLanguage":"pl-PL"},{"@type":"Organization","@id":"https:\/\/branchestore.com\/pl\/#organization","name":"Branch\u00e9 store","url":"https:\/\/branchestore.com\/pl\/","logo":{"@type":"ImageObject","inLanguage":"pl-PL","@id":"https:\/\/branchestore.com\/pl\/#\/schema\/logo\/image\/","url":"https:\/\/branchestore.com\/wp-content\/uploads\/2024\/03\/branchstore_black.svg","contentUrl":"https:\/\/branchestore.com\/wp-content\/uploads\/2024\/03\/branchstore_black.svg","width":291,"height":98,"caption":"Branch\u00e9 store"},"image":{"@id":"https:\/\/branchestore.com\/pl\/#\/schema\/logo\/image\/"}}]}},"_links":{"self":[{"href":"https:\/\/branchestore.com\/pl\/wp-json\/wp\/v2\/product\/16052","targetHints":{"allow":["GET"]}}],"collection":[{"href":"https:\/\/branchestore.com\/pl\/wp-json\/wp\/v2\/product"}],"about":[{"href":"https:\/\/branchestore.com\/pl\/wp-json\/wp\/v2\/types\/product"}],"wp:featuredmedia":[{"embeddable":true,"href":"https:\/\/branchestore.com\/pl\/wp-json\/wp\/v2\/media\/12766"}],"wp:attachment":[{"href":"https:\/\/branchestore.com\/pl\/wp-json\/wp\/v2\/media?parent=16052"}],"wp:term":[{"taxonomy":"product_brand","embeddable":true,"href":"https:\/\/branchestore.com\/pl\/wp-json\/wp\/v2\/product_brand?post=16052"},{"taxonomy":"product_cat","embeddable":true,"href":"https:\/\/branchestore.com\/pl\/wp-json\/wp\/v2\/product_cat?post=16052"},{"taxonomy":"product_tag","embeddable":true,"href":"https:\/\/branchestore.com\/pl\/wp-json\/wp\/v2\/product_tag?post=16052"}],"curies":[{"name":"wp","href":"https:\/\/api.w.org\/{rel}","templated":true}]}}