{"id":14178,"date":"2024-10-18T21:55:01","date_gmt":"2024-10-18T19:55:01","guid":{"rendered":"https:\/\/branchestore.com\/kredyt-sklepowy\/"},"modified":"2025-05-17T02:09:04","modified_gmt":"2025-05-17T00:09:04","slug":"kredyt-sklepowy","status":"publish","type":"page","link":"https:\/\/branchestore.com\/pl\/kredyt-sklepowy\/","title":{"rendered":"Kredyt sklepowy"},"content":{"rendered":"\t\t<div data-elementor-type=\"wp-page\" data-elementor-id=\"14178\" class=\"elementor elementor-14178 elementor-5795\">\n\t\t\t\t<div class=\"elementor-element elementor-element-4c8936a gold-links e-flex e-con-boxed e-con e-parent\" data-id=\"4c8936a\" data-element_type=\"container\">\n\t\t\t\t\t<div class=\"e-con-inner\">\n\t\t\t\t<div class=\"elementor-element elementor-element-0b4aa84 elementor-widget elementor-widget-text-editor\" data-id=\"0b4aa84\" data-element_type=\"widget\" data-widget_type=\"text-editor.default\">\n\t\t\t\t<div class=\"elementor-widget-container\">\n\t\t\t\t\t\t\t\t\t<p><b>Karta prezentowa<\/b><\/p><p><span style=\"font-weight: 400;\">Za po\u015brednictwem Sklepu internetowego Klient mo\u017ce zakupi\u0107 Kart\u0119 prezentow\u0105. Karta prezentowa zawiera co najmniej logo i dane firmowe Sprzedawcy, warto\u015b\u0107 karty, okres obowi\u0105zywania.  <\/span><\/p><p><span style=\"font-weight: 400;\">Karty prezentowe maj\u0105 charakter bonu r\u00f3\u017cnego przeznaczenia i wielokrotnego u\u017cytku. W zamian za Kart\u0119, Klient mo\u017ce zakupi\u0107 dowolny Towar oferowany przez Sprzedawc\u0119 w Sklepie internetowym, do warto\u015bci Karty. <\/span><\/p><p><span style=\"font-weight: 400;\">Je\u015bli cena zam\u00f3wionych Towar\u00f3w jest wy\u017csza ni\u017c warto\u015b\u0107 Karty prezentowej, Klient mo\u017ce zakupi\u0107 te Towary, op\u0142acaj\u0105c je przy wykorzystaniu Karty oraz dop\u0142acaj\u0105c r\u00f3\u017cnic\u0119 pomi\u0119dzy cen\u0105 Towar\u00f3w a warto\u015bci\u0105 Karty. <\/span><\/p><p><span style=\"font-weight: 400;\">Karta prezentowa mo\u017ce by\u0107 wykorzystana na jedn\u0105 lub wi\u0119ksz\u0105 ilo\u015b\u0107 Towar\u00f3w, do wyczerpania warto\u015bci Karty.<\/span><\/p><p><span style=\"font-weight: 400;\">Karty prezentowe mo\u017cna naby\u0107 w postaci karty fizycznej lub elektronicznej. W celu zakupu Karty, Klient powinien skontaktowa\u0107 si\u0119 ze Sprzedawc\u0105 na adres  <\/span><a href=\"mailto:customercare@branchestore.com\"><span style=\"font-weight: 400;\">customercare@branchestore.com<\/span><\/a> <span style=\"font-weight: 400;\">. P\u0142atno\u015b\u0107 za Kart\u0119 nast\u0119puje przy wykorzystaniu metod p\u0142atno\u015bci wskazanych w Rozdziale XI <\/span><b>Regulaminu<\/b><span style=\"font-weight: 400;\">. <\/span> <\/p><p><span style=\"font-weight: 400;\">Karty prezentowe mog\u0105 mie\u0107 warto\u015b\u0107 od 100 z\u0142 do 10 000 z\u0142 brutto. Zap\u0142ata ceny Karty jest warunkiem jego zakupu. W przypadku wyboru Karty fizycznej, Klient jest zobowi\u0105zany ui\u015bci\u0107 dodatkowo koszt przesy\u0142ki Karty, zgodnie z wybranym przez Klienta sposobem dostawy.   <\/span><\/p><p><span style=\"font-weight: 400;\">Po dokonaniu zakupu Karty prezentowej, Sprzedawca przesy\u0142a na adres e-mail Klienta elektroniczny Kart\u0119 prezentow\u0105, a tak\u017ce potwierdzenie dokonania zakupu obejmuj\u0105ce w szczeg\u00f3lno\u015bci: dane Sprzedawcy, istotne elementy umowy (w tym rodzaj Karty oraz cen\u0119), tre\u015b\u0107 niniejszego <\/span><b>Regulaminu<\/b><span style=\"font-weight: 400;\">, wraz z pouczeniem o prawie do odst\u0105pienia od umowy, zgodnie z za\u0142\u0105cznikiem nr 1 do niniejszego <\/span><b>Regulaminu<\/b><span style=\"font-weight: 400;\">. W przypadku wyboru Karty fizycznej, Sprzedawca przesy\u0142a do Klienta tylko potwierdzenie, o kt\u00f3rym mowa w poprzednim zdaniu, natomiast Karta jest wysy\u0142any na adres wskazany przez Klienta przy zakupie. <\/span><\/p><p><span style=\"font-weight: 400;\">Klient mo\u017ce skorzysta\u0107 z Karty przy dokonywaniu p\u0142atno\u015bci za Towary zakupione w Sklepie, wskazuj\u0105c dane Karty prezentowej w oknie p\u0142atno\u015bci, jako spos\u00f3b zap\u0142aty.<\/span><\/p><p><span style=\"font-weight: 400;\">Karty prezentowe s\u0105 wa\u017cne przez okres 12 miesi\u0119cy od dnia ich wystawienia. We wskazanym okresie Klient ma mo\u017cliwo\u015b\u0107 wykorzystania Karty, tj. zap\u0142aty za Towary przy wykorzystaniu Karty. Po up\u0142ywie wa\u017cno\u015bci Karty, niewykorzystana warto\u015b\u0107 Karty przepada i nie podlega wykorzystaniu ani zwrotowi.   <\/span><\/p><p><span style=\"font-weight: 400;\">Karta prezentowa (ani jej niewykorzystana cz\u0119\u015b\u0107) nie podlega zwrotowi i nie mo\u017ce by\u0107 zamieniona na \u015brodki pieni\u0119\u017cne.<\/span><\/p><p><b>Kredyt sklepowy<\/b><\/p><p><span style=\"font-weight: 400;\">Sprzedawca umo\u017cliwia Klientom zbieranie punkt\u00f3w w ramach tzw. Kredytu sklepowego (store credit). W przypadku je\u015bli Klient korzysta z prawa do odst\u0105pienia od Umowy (na podstawie Rozdzia\u0142u XIII lub XIV Regulaminu) i dokonuje zwrotu Towaru, nale\u017cny mu zwrot pieni\u0119dzy mo\u017ce nast\u0105pi\u0107 poprzez mo\u017cliwo\u015b\u0107 wykorzystania kwoty do zwrotu w Sklepie internetowym. Kwota do wykorzystania jest odnotowywana na Koncie Klienta i jest r\u00f3wna kwocie, kt\u00f3ra mia\u0142a by\u0107 zwr\u00f3cona Klientowi.   <\/span><\/p><p><span style=\"font-weight: 400;\">Posiadana kwota kredytu mo\u017ce by\u0107 wykorzystana przy kolejnych Zam\u00f3wieniach dokonywanych za po\u015brednictwem Konta na ca\u0142y asortyment (r\u00f3wnie\u017c Towary przecenione).<\/span><\/p><p><span style=\"font-weight: 400;\">Wa\u017cno\u015b\u0107 kredytu sklepowego wynosi dwana\u015bcie miesi\u0119cy od momentu odnotowania kwoty na Koncie Klienta. W tym czasie kwota nie mo\u017ce by\u0107 zamieniona na \u015brodki pieni\u0119\u017cne. Po tym czasie niewykorzystana kwota kredytu sklepowego przepada.<\/span><span style=\"font-weight: 400;\"> <\/span><\/p>\t\t\t\t\t\t\t\t<\/div>\n\t\t\t\t<\/div>\n\t\t\t\t\t<\/div>\n\t\t\t\t<\/div>\n\t\t\t\t<\/div>\n\t\t","protected":false},"excerpt":{"rendered":"<p>Karta prezentowa Za po\u015brednictwem Sklepu internetowego Klient mo\u017ce zakupi\u0107 Kart\u0119 prezentow\u0105. Karta prezentowa zawiera co najmniej logo i dane firmowe [&hellip;]<\/p>\n","protected":false},"author":1,"featured_media":0,"parent":0,"menu_order":0,"comment_status":"closed","ping_status":"closed","template":"","meta":{"site-sidebar-layout":"no-sidebar","site-content-layout":"","ast-site-content-layout":"full-width-container","site-content-style":"default","site-sidebar-style":"default","ast-global-header-display":"","ast-banner-title-visibility":"","ast-main-header-display":"","ast-hfb-above-header-display":"","ast-hfb-below-header-display":"","ast-hfb-mobile-header-display":"","site-post-title":"disabled","ast-breadcrumbs-content":"","ast-featured-img":"disabled","footer-sml-layout":"","theme-transparent-header-meta":"","adv-header-id-meta":"","stick-header-meta":"","header-above-stick-meta":"","header-main-stick-meta":"","header-below-stick-meta":"","astra-migrate-meta-layouts":"default","ast-page-background-enabled":"default","ast-page-background-meta":{"desktop":{"background-color":"var(--ast-global-color-4)","background-image":"","background-repeat":"repeat","background-position":"center center","background-size":"auto","background-attachment":"scroll","background-type":"","background-media":"","overlay-type":"","overlay-color":"","overlay-opacity":"","overlay-gradient":""},"tablet":{"background-color":"","background-image":"","background-repeat":"repeat","background-position":"center center","background-size":"auto","background-attachment":"scroll","background-type":"","background-media":"","overlay-type":"","overlay-color":"","overlay-opacity":"","overlay-gradient":""},"mobile":{"background-color":"","background-image":"","background-repeat":"repeat","background-position":"center center","background-size":"auto","background-attachment":"scroll","background-type":"","background-media":"","overlay-type":"","overlay-color":"","overlay-opacity":"","overlay-gradient":""}},"ast-content-background-meta":{"desktop":{"background-color":"var(--ast-global-color-5)","background-image":"","background-repeat":"repeat","background-position":"center center","background-size":"auto","background-attachment":"scroll","background-type":"","background-media":"","overlay-type":"","overlay-color":"","overlay-opacity":"","overlay-gradient":""},"tablet":{"background-color":"var(--ast-global-color-5)","background-image":"","background-repeat":"repeat","background-position":"center center","background-size":"auto","background-attachment":"scroll","background-type":"","background-media":"","overlay-type":"","overlay-color":"","overlay-opacity":"","overlay-gradient":""},"mobile":{"background-color":"var(--ast-global-color-5)","background-image":"","background-repeat":"repeat","background-position":"center center","background-size":"auto","background-attachment":"scroll","background-type":"","background-media":"","overlay-type":"","overlay-color":"","overlay-opacity":"","overlay-gradient":""}},"footnotes":""},"class_list":["post-14178","page","type-page","status-publish","hentry"],"yoast_head":"<!-- This site is optimized with the Yoast SEO plugin v24.6 - https:\/\/yoast.com\/wordpress\/plugins\/seo\/ -->\n<link rel=\"canonical\" href=\"https:\/\/branchestore.com\/pl\/kredyt-sklepowy\/\" \/>\n<meta property=\"og:locale\" content=\"pl_PL\" \/>\n<meta property=\"og:type\" content=\"article\" \/>\n<meta property=\"og:url\" content=\"https:\/\/branchestore.com\/pl\/kredyt-sklepowy\/\" \/>\n<meta property=\"og:site_name\" content=\"Branch\u00e9 store\" \/>\n<meta property=\"article:modified_time\" content=\"2025-05-17T00:09:04+00:00\" \/>\n<meta property=\"og:image\" content=\"https:\/\/branchestore.com\/wp-content\/uploads\/2025\/02\/uklad-na-strone_poziom.jpg\" \/>\n\t<meta property=\"og:image:width\" content=\"1920\" \/>\n\t<meta property=\"og:image:height\" content=\"1080\" \/>\n\t<meta property=\"og:image:type\" content=\"image\/jpeg\" \/>\n<meta name=\"twitter:card\" content=\"summary_large_image\" \/>\n<meta name=\"twitter:label1\" content=\"Szacowany czas czytania\" \/>\n\t<meta name=\"twitter:data1\" content=\"3 minuty\" \/>\n<script type=\"application\/ld+json\" class=\"yoast-schema-graph\">{\"@context\":\"https:\/\/schema.org\",\"@graph\":[{\"@type\":\"WebPage\",\"@id\":\"https:\/\/branchestore.com\/pl\/kredyt-sklepowy\/\",\"url\":\"https:\/\/branchestore.com\/pl\/kredyt-sklepowy\/\",\"name\":\"Kredyt sklepowy\",\"isPartOf\":{\"@id\":\"https:\/\/branchestore.com\/pl\/#website\"},\"datePublished\":\"2024-10-18T19:55:01+00:00\",\"dateModified\":\"2025-05-17T00:09:04+00:00\",\"breadcrumb\":{\"@id\":\"https:\/\/branchestore.com\/pl\/kredyt-sklepowy\/#breadcrumb\"},\"inLanguage\":\"pl-PL\",\"potentialAction\":[{\"@type\":\"ReadAction\",\"target\":[\"https:\/\/branchestore.com\/pl\/kredyt-sklepowy\/\"]}]},{\"@type\":\"BreadcrumbList\",\"@id\":\"https:\/\/branchestore.com\/pl\/kredyt-sklepowy\/#breadcrumb\",\"itemListElement\":[{\"@type\":\"ListItem\",\"position\":1,\"name\":\"Strona g\u0142\u00f3wna\",\"item\":\"https:\/\/branchestore.com\/pl\/strona-glowna\/\"},{\"@type\":\"ListItem\",\"position\":2,\"name\":\"Kredyt sklepowy\"}]},{\"@type\":\"WebSite\",\"@id\":\"https:\/\/branchestore.com\/pl\/#website\",\"url\":\"https:\/\/branchestore.com\/pl\/\",\"name\":\"Branch\u00e9 store\",\"description\":\"\",\"publisher\":{\"@id\":\"https:\/\/branchestore.com\/pl\/#organization\"},\"alternateName\":\"Branch\u00e9\",\"potentialAction\":[{\"@type\":\"SearchAction\",\"target\":{\"@type\":\"EntryPoint\",\"urlTemplate\":\"https:\/\/branchestore.com\/pl\/?s={search_term_string}\"},\"query-input\":{\"@type\":\"PropertyValueSpecification\",\"valueRequired\":true,\"valueName\":\"search_term_string\"}}],\"inLanguage\":\"pl-PL\"},{\"@type\":\"Organization\",\"@id\":\"https:\/\/branchestore.com\/pl\/#organization\",\"name\":\"Branch\u00e9 store\",\"url\":\"https:\/\/branchestore.com\/pl\/\",\"logo\":{\"@type\":\"ImageObject\",\"inLanguage\":\"pl-PL\",\"@id\":\"https:\/\/branchestore.com\/pl\/#\/schema\/logo\/image\/\",\"url\":\"https:\/\/branchestore.com\/wp-content\/uploads\/2024\/03\/branchstore_black.svg\",\"contentUrl\":\"https:\/\/branchestore.com\/wp-content\/uploads\/2024\/03\/branchstore_black.svg\",\"width\":291,\"height\":98,\"caption\":\"Branch\u00e9 store\"},\"image\":{\"@id\":\"https:\/\/branchestore.com\/pl\/#\/schema\/logo\/image\/\"}}]}<\/script>\n<!-- \/ Yoast SEO plugin. -->","yoast_head_json":{"canonical":"https:\/\/branchestore.com\/pl\/kredyt-sklepowy\/","og_locale":"pl_PL","og_type":"article","og_url":"https:\/\/branchestore.com\/pl\/kredyt-sklepowy\/","og_site_name":"Branch\u00e9 store","article_modified_time":"2025-05-17T00:09:04+00:00","og_image":[{"width":1920,"height":1080,"url":"https:\/\/branchestore.com\/wp-content\/uploads\/2025\/02\/uklad-na-strone_poziom.jpg","type":"image\/jpeg"}],"twitter_card":"summary_large_image","twitter_misc":{"Szacowany czas czytania":"3 minuty"},"schema":{"@context":"https:\/\/schema.org","@graph":[{"@type":"WebPage","@id":"https:\/\/branchestore.com\/pl\/kredyt-sklepowy\/","url":"https:\/\/branchestore.com\/pl\/kredyt-sklepowy\/","name":"Kredyt sklepowy","isPartOf":{"@id":"https:\/\/branchestore.com\/pl\/#website"},"datePublished":"2024-10-18T19:55:01+00:00","dateModified":"2025-05-17T00:09:04+00:00","breadcrumb":{"@id":"https:\/\/branchestore.com\/pl\/kredyt-sklepowy\/#breadcrumb"},"inLanguage":"pl-PL","potentialAction":[{"@type":"ReadAction","target":["https:\/\/branchestore.com\/pl\/kredyt-sklepowy\/"]}]},{"@type":"BreadcrumbList","@id":"https:\/\/branchestore.com\/pl\/kredyt-sklepowy\/#breadcrumb","itemListElement":[{"@type":"ListItem","position":1,"name":"Strona g\u0142\u00f3wna","item":"https:\/\/branchestore.com\/pl\/strona-glowna\/"},{"@type":"ListItem","position":2,"name":"Kredyt sklepowy"}]},{"@type":"WebSite","@id":"https:\/\/branchestore.com\/pl\/#website","url":"https:\/\/branchestore.com\/pl\/","name":"Branch\u00e9 store","description":"","publisher":{"@id":"https:\/\/branchestore.com\/pl\/#organization"},"alternateName":"Branch\u00e9","potentialAction":[{"@type":"SearchAction","target":{"@type":"EntryPoint","urlTemplate":"https:\/\/branchestore.com\/pl\/?s={search_term_string}"},"query-input":{"@type":"PropertyValueSpecification","valueRequired":true,"valueName":"search_term_string"}}],"inLanguage":"pl-PL"},{"@type":"Organization","@id":"https:\/\/branchestore.com\/pl\/#organization","name":"Branch\u00e9 store","url":"https:\/\/branchestore.com\/pl\/","logo":{"@type":"ImageObject","inLanguage":"pl-PL","@id":"https:\/\/branchestore.com\/pl\/#\/schema\/logo\/image\/","url":"https:\/\/branchestore.com\/wp-content\/uploads\/2024\/03\/branchstore_black.svg","contentUrl":"https:\/\/branchestore.com\/wp-content\/uploads\/2024\/03\/branchstore_black.svg","width":291,"height":98,"caption":"Branch\u00e9 store"},"image":{"@id":"https:\/\/branchestore.com\/pl\/#\/schema\/logo\/image\/"}}]}},"_links":{"self":[{"href":"https:\/\/branchestore.com\/pl\/wp-json\/wp\/v2\/pages\/14178","targetHints":{"allow":["GET"]}}],"collection":[{"href":"https:\/\/branchestore.com\/pl\/wp-json\/wp\/v2\/pages"}],"about":[{"href":"https:\/\/branchestore.com\/pl\/wp-json\/wp\/v2\/types\/page"}],"author":[{"embeddable":true,"href":"https:\/\/branchestore.com\/pl\/wp-json\/wp\/v2\/users\/1"}],"replies":[{"embeddable":true,"href":"https:\/\/branchestore.com\/pl\/wp-json\/wp\/v2\/comments?post=14178"}],"version-history":[{"count":1,"href":"https:\/\/branchestore.com\/pl\/wp-json\/wp\/v2\/pages\/14178\/revisions"}],"predecessor-version":[{"id":14179,"href":"https:\/\/branchestore.com\/pl\/wp-json\/wp\/v2\/pages\/14178\/revisions\/14179"}],"wp:attachment":[{"href":"https:\/\/branchestore.com\/pl\/wp-json\/wp\/v2\/media?parent=14178"}],"curies":[{"name":"wp","href":"https:\/\/api.w.org\/{rel}","templated":true}]}}