{"id":14137,"date":"2024-04-24T21:01:45","date_gmt":"2024-04-24T19:01:45","guid":{"rendered":"https:\/\/branchestore.com\/lista-zyczen\/"},"modified":"2025-05-16T22:52:20","modified_gmt":"2025-05-16T20:52:20","slug":"lista-zyczen","status":"publish","type":"page","link":"https:\/\/branchestore.com\/pl\/lista-zyczen\/","title":{"rendered":"Lista \u017bycze\u0144"},"content":{"rendered":"\t\t<div data-elementor-type=\"wp-page\" data-elementor-id=\"14137\" class=\"elementor elementor-14137 elementor-994\">\n\t\t\t\t<div class=\"elementor-element elementor-element-9ca5d1a e-con-full e-flex e-con e-parent\" data-id=\"9ca5d1a\" data-element_type=\"container\">\n\t\t\t\t<div class=\"elementor-element elementor-element-7c47b6c elementor-widget elementor-widget-shortcode\" data-id=\"7c47b6c\" data-element_type=\"widget\" data-widget_type=\"shortcode.default\">\n\t\t\t\t<div class=\"elementor-widget-container\">\n\t\t\t\t\t\t\t<div class=\"elementor-shortcode\"><script>jQuery(document).ready(() => {\r\n\tjQuery('button.woosw-btn.woosw-added').on('click', (e) => {\r\n\t\te.target.offsetParent.offsetParent.remove();\r\n\t})\r\n});<\/script><\/div>\n\t\t\t\t\t\t<\/div>\n\t\t\t\t<\/div>\n\t\t\t\t<div class=\"elementor-element elementor-element-f69aad7 elementor-widget elementor-widget-shortcode\" data-id=\"f69aad7\" data-element_type=\"widget\" data-widget_type=\"shortcode.default\">\n\t\t\t\t<div class=\"elementor-widget-container\">\n\t\t\t\t\t<div class=\"elementor-element eael-product-grid-column-5 see-more-button-styles elementor-widget elementor-widget-eicon-woocommerce\" data-element_type=\"widget\" data-widget_type=\"eicon-woocommerce.default\"><div class=\"elementor-widget-container\"><div class=\"eael-product-grid eael-product-default grid\" id=\"eael-product-grid\"><div class=\"woocommerce\"><ul class=\"products wishlist\" data-layout-mode=\"grid\"><li class=\"user-has-not-earned ast-article-single desktop-align-left tablet-align-left mobile-align-left product type-product post-2208 status-publish first instock product_cat-test product_tag-test has-post-thumbnail shipping-taxable purchasable product-type-variable in_stock\"><div class=\"astra-shop-thumbnail-wrap\"><a href=\"https:\/\/branchestore.com\/pl\/produkt\/rowen-rose-6\/?attribute_pa_color=black-pl&attribute_pa_size=m-pl\" id=\"link-15807\" class=\"woocommerce-LoopProduct-link woocommerce-loop-product__link\"><img fetchpriority=\"high\" decoding=\"async\" id=\"image1-15807\" src=\"https:\/\/branchestore.com\/wp-content\/uploads\/2025\/05\/1-9.jpg\" class=\"attachment-woocommerce_thumbnail size-woocommerce_thumbnail photo-of-product\" alt=\"photo-of-product\"><img fetchpriority=\"high\" fetchpriority=\"high\" id=\"image2-15807\" decoding=\"async\" width=\"300\" height=\"300\" src=\"https:\/\/branchestore.com\/wp-content\/uploads\/2025\/05\/2-9.jpg\" class=\"attachment-woocommerce_thumbnail size-woocommerce_thumbnail d-none-light second-absolute-image\" alt=\"photo-of-product\"><\/a><div class=\"add-to-cart-wrapper\"><a id=\"variant-15807\" data-informations=\"variant-15807-XS,true,https:\/\/branchestore.com\/wishlist?add-to-cart=15805&quantity=1;variant-15807-S,false,https:\/\/branchestore.com\/wishlist?add-to-cart=15806&quantity=1;\" href=\"https:\/\/branchestore.com\/wishlist?add-to-cart=15805&quantity=1\" class=\"add-to-cart buy-similar\">DODAJ DO KOSZYKA<\/a><\/div><\/div><div class=\"astra-shop-summary-wrap-2\"><a href=\"https:\/\/branchestore.com\/pl\/produkt\/rowen-rose-6\/?attribute_pa_color=black-pl&attribute_pa_size=m-pl\" class=\"ast-loop-product__link\"><h2 class=\"woocommerce-loop-product__title\">ROWEN ROSE<\/h2><\/a><div class=\"ast-woo-shop-product-description\"><p>D\u0142uga sukienka z d\u017cerseju<\/p><\/div><span class=\"price\"><del aria-hidden=\"true\"><span class=\"woocommerce-Price-amount amount\"><bdi>543&nbsp;<span class=\"woocommerce-Price-currencySymbol\">USD<\/span><\/bdi><\/span><\/del> <span class=\"screen-reader-text\">Pierwotna cena wynosi\u0142a: 543&nbsp;USD.<\/span><ins aria-hidden=\"true\"><span class=\"woocommerce-Price-amount amount\"><bdi>273&nbsp;<span class=\"woocommerce-Price-currencySymbol\">USD<\/span><\/bdi><\/span><\/ins><span class=\"screen-reader-text\">Aktualna cena wynosi: 273&nbsp;USD.<\/span><\/span><div class=\"sizes\"><p id=\"variant-15807-XS\" class=\"size pointer selected\">XS<\/p><p id=\"variant-15807-S\" class=\"size pointer\">S<\/p><p class=\"size disabled\">M<\/p><p class=\"size disabled\">L<\/p><p class=\"size disabled\">XL<\/p><\/div><\/div><span class=\"limited limited-price\"><b style=\"font-weight: 900;\">-50%<\/b><\/span><button class=\"woosw-btn woosw-btn-15807 wishlist-icon woosw-btn-has-icon woosw-btn-icon-only woosw-btn-added woosw-added\" data-id=\"15807\" data-product_name=\"ROWEN ROSE\" aria-label=\"Browse wishlist\"><span class=\"woosw-btn-icon woosw-icon-8\"><\/span><\/button><\/li><li class=\"user-has-not-earned ast-article-single desktop-align-left tablet-align-left mobile-align-left product type-product post-2208 status-publish first instock product_cat-test product_tag-test has-post-thumbnail shipping-taxable purchasable product-type-variable in_stock\"><div class=\"astra-shop-thumbnail-wrap\"><a href=\"https:\/\/branchestore.com\/pl\/produkt\/paris-texas-3\/?attribute_pa_color=wine-sunset-pl&attribute_pa_size=38-pl\" id=\"link-15695\" class=\"woocommerce-LoopProduct-link woocommerce-loop-product__link\"><img fetchpriority=\"high\" decoding=\"async\" id=\"image1-15695\" src=\"https:\/\/branchestore.com\/wp-content\/uploads\/2025\/02\/1.jpg\" class=\"attachment-woocommerce_thumbnail size-woocommerce_thumbnail photo-of-product\" alt=\"photo-of-product\"><img fetchpriority=\"high\" fetchpriority=\"high\" id=\"image2-15695\" decoding=\"async\" width=\"300\" height=\"300\" src=\"https:\/\/branchestore.com\/wp-content\/uploads\/2025\/02\/2.jpg\" class=\"attachment-woocommerce_thumbnail size-woocommerce_thumbnail d-none-light second-absolute-image\" alt=\"photo-of-product\"><\/a><div class=\"add-to-cart-wrapper\"><a id=\"variant-9917\" data-informations=\"variant-9917-36,true,https:\/\/branchestore.com\/wishlist?add-to-cart=15693&quantity=1;variant-9917-37,false,https:\/\/branchestore.com\/wishlist?add-to-cart=15694&quantity=1;variant-9917-38,false,https:\/\/branchestore.com\/wishlist?add-to-cart=15695&quantity=1;variant-9917-39,false,https:\/\/branchestore.com\/wishlist?add-to-cart=15696&quantity=1;\" href=\"https:\/\/branchestore.com\/wishlist?add-to-cart=15693&quantity=1\" class=\"add-to-cart buy-similar\">DODAJ DO KOSZYKA<\/a><\/div><\/div><div class=\"astra-shop-summary-wrap-2\"><a href=\"https:\/\/branchestore.com\/pl\/produkt\/paris-texas-3\/?attribute_pa_color=wine-sunset-pl&attribute_pa_size=38-pl\" class=\"ast-loop-product__link\"><h2 class=\"woocommerce-loop-product__title\">PARIS TEXAS<\/h2><\/a><div class=\"ast-woo-shop-product-description\"><p>Sanda\u0142y Nina<\/p><\/div><span class=\"price\"><del aria-hidden=\"true\"><span class=\"woocommerce-Price-amount amount\"><bdi>924&nbsp;<span class=\"woocommerce-Price-currencySymbol\">USD<\/span><\/bdi><\/span><\/del> <span class=\"screen-reader-text\">Pierwotna cena wynosi\u0142a: 924&nbsp;USD.<\/span><ins aria-hidden=\"true\"><span class=\"woocommerce-Price-amount amount\"><bdi>646&nbsp;<span class=\"woocommerce-Price-currencySymbol\">USD<\/span><\/bdi><\/span><\/ins><span class=\"screen-reader-text\">Aktualna cena wynosi: 646&nbsp;USD.<\/span><\/span><div class=\"sizes\"><p class=\"size disabled\">35<\/p><p id=\"variant-9917-36\" class=\"size pointer selected\">36<\/p><p id=\"variant-9917-37\" class=\"size pointer\">37<\/p><p id=\"variant-9917-38\" class=\"size pointer\">38<\/p><p id=\"variant-9917-39\" class=\"size pointer\">39<\/p><p class=\"size disabled\">40<\/p><p class=\"size disabled\">41<\/p><\/div><\/div><span class=\"limited limited-price\"><b style=\"font-weight: 900;\">-30%<\/b><\/span><button class=\"woosw-btn woosw-btn-9917 wishlist-icon woosw-btn-has-icon woosw-btn-icon-only woosw-btn-added woosw-added\" data-id=\"9917\" data-product_name=\"PARIS TEXAS\" aria-label=\"Browse wishlist\"><span class=\"woosw-btn-icon woosw-icon-8\"><\/span><\/button><\/li><li class=\"user-has-not-earned ast-article-single desktop-align-left tablet-align-left mobile-align-left product type-product post-2208 status-publish first instock product_cat-test product_tag-test has-post-thumbnail shipping-taxable purchasable product-type-variable empty_stock\"><div class=\"sold-out-overlay\"><\/div><div class=\"astra-shop-thumbnail-wrap\"><a href=\"https:\/\/branchestore.com\/pl\/produkt\/atlein-19\/?attribute_pa_color=white-pl&attribute_pa_size=m-pl\" id=\"link-15977\" class=\"woocommerce-LoopProduct-link woocommerce-loop-product__link\"><img fetchpriority=\"high\" decoding=\"async\" id=\"image1-15977\" src=\"https:\/\/branchestore.com\/wp-content\/uploads\/2025\/05\/1-14.jpg\" class=\"attachment-woocommerce_thumbnail size-woocommerce_thumbnail photo-of-product\" alt=\"photo-of-product\"><img fetchpriority=\"high\" fetchpriority=\"high\" id=\"image2-15977\" decoding=\"async\" width=\"300\" height=\"300\" src=\"https:\/\/branchestore.com\/wp-content\/uploads\/2025\/05\/2-14.jpg\" class=\"attachment-woocommerce_thumbnail size-woocommerce_thumbnail d-none-light second-absolute-image\" alt=\"photo-of-product\"><\/a><div class=\"sold-out-wrapper\"><span class=\"sold-out\">Wyprzedano<\/span><a href=\"https:\/\/branchestore.com\/pl\/sklep\/?categories[]=clothing&categories[]=all&categories[]=matching-sets&categories[]=skirts&categories[]=designers&categories[]=atlein\" class=\"buy-similar\">KUP PODOBNE<\/a><\/div><\/div><div class=\"astra-shop-summary-wrap-2\"><a href=\"https:\/\/branchestore.com\/pl\/produkt\/atlein-19\/?attribute_pa_color=white-pl&attribute_pa_size=m-pl\" class=\"ast-loop-product__link\"><h2 class=\"woocommerce-loop-product__title\">ATLEIN<\/h2><\/a><div class=\"ast-woo-shop-product-description\"><p>D\u0142uga sp\u00f3dnica z marszczeniem<\/p><\/div><span class=\"price\"><del aria-hidden=\"true\"><span class=\"woocommerce-Price-amount amount\"><bdi>756&nbsp;<span class=\"woocommerce-Price-currencySymbol\">USD<\/span><\/bdi><\/span><\/del> <span class=\"screen-reader-text\">Pierwotna cena wynosi\u0142a: 756&nbsp;USD.<\/span><ins aria-hidden=\"true\"><span class=\"woocommerce-Price-amount amount\"><bdi>454&nbsp;<span class=\"woocommerce-Price-currencySymbol\">USD<\/span><\/bdi><\/span><\/ins><span class=\"screen-reader-text\">Aktualna cena wynosi: 454&nbsp;USD.<\/span><\/span><div class=\"sizes\"><p class=\"size disabled\">XS<\/p><p class=\"size disabled\">S<\/p><p class=\"size disabled\">M<\/p><p class=\"size disabled\">L<\/p><p class=\"size disabled\">XL<\/p><\/div><\/div><span class=\"limited limited-price\"><b style=\"font-weight: 900;\">-40%<\/b><\/span><button class=\"woosw-btn woosw-btn-10794 wishlist-icon woosw-btn-has-icon woosw-btn-icon-only woosw-btn-added woosw-added\" data-id=\"10794\" data-product_name=\"ATLEIN\" aria-label=\"Browse wishlist\"><span class=\"woosw-btn-icon woosw-icon-8\"><\/span><\/button><\/li><\/ul><\/div><\/div><\/div><div class='share-wishlist'><h2 class='share-wishlist-title'>UDOST\u0118PNIJ LIST\u0118 \u017bYCZE\u0143<\/h2><div class='share-wishlist-icons'><a href=\"https:\/\/www.facebook.com\/branchestorecom\/\"><img decoding=\"async\" src=\"https:\/\/branchestore.com\/wp-content\/uploads\/2024\/03\/fb-1.svg\" class=\"wishlist-share\" \/><\/a><a href=\"https:\/\/www.instagram.com\/branchestore_com\"><img decoding=\"async\" src=\"https:\/\/branchestore.com\/wp-content\/uploads\/2024\/03\/ig.svg\" class=\"wishlist-share\" \/><\/a><a href=\"https:\/\/www.pinterest.com\/branche_store\/\"><img decoding=\"async\" src=\"https:\/\/branchestore.com\/wp-content\/uploads\/2024\/03\/pt.svg\" class=\"wishlist-share\" \/><\/a><\/div><\/div><\/div>\t\t<div class=\"elementor-shortcode\"><\/div>\n\t\t\t\t\t\t<\/div>\n\t\t\t\t<\/div>\n\t\t\t\t<\/div>\n\t\t\t\t<\/div>\n\t\t","protected":false},"excerpt":{"rendered":"","protected":false},"author":1,"featured_media":0,"parent":0,"menu_order":0,"comment_status":"closed","ping_status":"closed","template":"","meta":{"site-sidebar-layout":"no-sidebar","site-content-layout":"","ast-site-content-layout":"full-width-container","site-content-style":"default","site-sidebar-style":"default","ast-global-header-display":"","ast-banner-title-visibility":"","ast-main-header-display":"","ast-hfb-above-header-display":"","ast-hfb-below-header-display":"","ast-hfb-mobile-header-display":"","site-post-title":"disabled","ast-breadcrumbs-content":"","ast-featured-img":"disabled","footer-sml-layout":"","theme-transparent-header-meta":"","adv-header-id-meta":"","stick-header-meta":"","header-above-stick-meta":"","header-main-stick-meta":"","header-below-stick-meta":"","astra-migrate-meta-layouts":"default","ast-page-background-enabled":"default","ast-page-background-meta":{"desktop":{"background-color":"var(--ast-global-color-4)","background-image":"","background-repeat":"repeat","background-position":"center center","background-size":"auto","background-attachment":"scroll","background-type":"","background-media":"","overlay-type":"","overlay-color":"","overlay-opacity":"","overlay-gradient":""},"tablet":{"background-color":"","background-image":"","background-repeat":"repeat","background-position":"center center","background-size":"auto","background-attachment":"scroll","background-type":"","background-media":"","overlay-type":"","overlay-color":"","overlay-opacity":"","overlay-gradient":""},"mobile":{"background-color":"","background-image":"","background-repeat":"repeat","background-position":"center center","background-size":"auto","background-attachment":"scroll","background-type":"","background-media":"","overlay-type":"","overlay-color":"","overlay-opacity":"","overlay-gradient":""}},"ast-content-background-meta":{"desktop":{"background-color":"var(--ast-global-color-5)","background-image":"","background-repeat":"repeat","background-position":"center center","background-size":"auto","background-attachment":"scroll","background-type":"","background-media":"","overlay-type":"","overlay-color":"","overlay-opacity":"","overlay-gradient":""},"tablet":{"background-color":"var(--ast-global-color-5)","background-image":"","background-repeat":"repeat","background-position":"center center","background-size":"auto","background-attachment":"scroll","background-type":"","background-media":"","overlay-type":"","overlay-color":"","overlay-opacity":"","overlay-gradient":""},"mobile":{"background-color":"var(--ast-global-color-5)","background-image":"","background-repeat":"repeat","background-position":"center center","background-size":"auto","background-attachment":"scroll","background-type":"","background-media":"","overlay-type":"","overlay-color":"","overlay-opacity":"","overlay-gradient":""}},"footnotes":""},"class_list":["post-14137","page","type-page","status-publish","hentry"],"yoast_head":"<!-- This site is optimized with the Yoast SEO plugin v24.6 - https:\/\/yoast.com\/wordpress\/plugins\/seo\/ -->\n<link rel=\"canonical\" href=\"https:\/\/branchestore.com\/pl\/lista-zyczen\/\" \/>\n<meta property=\"og:locale\" content=\"pl_PL\" \/>\n<meta property=\"og:type\" content=\"article\" \/>\n<meta property=\"og:url\" content=\"https:\/\/branchestore.com\/pl\/lista-zyczen\/\" \/>\n<meta property=\"og:site_name\" content=\"Branch\u00e9 store\" \/>\n<meta property=\"article:modified_time\" content=\"2025-05-16T20:52:20+00:00\" \/>\n<meta property=\"og:image\" content=\"https:\/\/branchestore.com\/wp-content\/uploads\/2025\/02\/uklad-na-strone_poziom.jpg\" \/>\n\t<meta property=\"og:image:width\" content=\"1920\" \/>\n\t<meta property=\"og:image:height\" content=\"1080\" \/>\n\t<meta property=\"og:image:type\" content=\"image\/jpeg\" \/>\n<meta name=\"twitter:card\" content=\"summary_large_image\" \/>\n<script type=\"application\/ld+json\" class=\"yoast-schema-graph\">{\"@context\":\"https:\/\/schema.org\",\"@graph\":[{\"@type\":\"WebPage\",\"@id\":\"https:\/\/branchestore.com\/pl\/lista-zyczen\/\",\"url\":\"https:\/\/branchestore.com\/pl\/lista-zyczen\/\",\"name\":\"Lista \u017bycze\u0144\",\"isPartOf\":{\"@id\":\"https:\/\/branchestore.com\/pl\/#website\"},\"datePublished\":\"2024-04-24T19:01:45+00:00\",\"dateModified\":\"2025-05-16T20:52:20+00:00\",\"breadcrumb\":{\"@id\":\"https:\/\/branchestore.com\/pl\/lista-zyczen\/#breadcrumb\"},\"inLanguage\":\"pl-PL\",\"potentialAction\":[{\"@type\":\"ReadAction\",\"target\":[\"https:\/\/branchestore.com\/pl\/lista-zyczen\/\"]}]},{\"@type\":\"BreadcrumbList\",\"@id\":\"https:\/\/branchestore.com\/pl\/lista-zyczen\/#breadcrumb\",\"itemListElement\":[{\"@type\":\"ListItem\",\"position\":1,\"name\":\"Strona g\u0142\u00f3wna\",\"item\":\"https:\/\/branchestore.com\/pl\/strona-glowna\/\"},{\"@type\":\"ListItem\",\"position\":2,\"name\":\"Lista \u017bycze\u0144\"}]},{\"@type\":\"WebSite\",\"@id\":\"https:\/\/branchestore.com\/pl\/#website\",\"url\":\"https:\/\/branchestore.com\/pl\/\",\"name\":\"Branch\u00e9 store\",\"description\":\"\",\"publisher\":{\"@id\":\"https:\/\/branchestore.com\/pl\/#organization\"},\"alternateName\":\"Branch\u00e9\",\"potentialAction\":[{\"@type\":\"SearchAction\",\"target\":{\"@type\":\"EntryPoint\",\"urlTemplate\":\"https:\/\/branchestore.com\/pl\/?s={search_term_string}\"},\"query-input\":{\"@type\":\"PropertyValueSpecification\",\"valueRequired\":true,\"valueName\":\"search_term_string\"}}],\"inLanguage\":\"pl-PL\"},{\"@type\":\"Organization\",\"@id\":\"https:\/\/branchestore.com\/pl\/#organization\",\"name\":\"Branch\u00e9 store\",\"url\":\"https:\/\/branchestore.com\/pl\/\",\"logo\":{\"@type\":\"ImageObject\",\"inLanguage\":\"pl-PL\",\"@id\":\"https:\/\/branchestore.com\/pl\/#\/schema\/logo\/image\/\",\"url\":\"https:\/\/branchestore.com\/wp-content\/uploads\/2024\/03\/branchstore_black.svg\",\"contentUrl\":\"https:\/\/branchestore.com\/wp-content\/uploads\/2024\/03\/branchstore_black.svg\",\"width\":291,\"height\":98,\"caption\":\"Branch\u00e9 store\"},\"image\":{\"@id\":\"https:\/\/branchestore.com\/pl\/#\/schema\/logo\/image\/\"}}]}<\/script>\n<!-- \/ Yoast SEO plugin. -->","yoast_head_json":{"canonical":"https:\/\/branchestore.com\/pl\/lista-zyczen\/","og_locale":"pl_PL","og_type":"article","og_url":"https:\/\/branchestore.com\/pl\/lista-zyczen\/","og_site_name":"Branch\u00e9 store","article_modified_time":"2025-05-16T20:52:20+00:00","og_image":[{"width":1920,"height":1080,"url":"https:\/\/branchestore.com\/wp-content\/uploads\/2025\/02\/uklad-na-strone_poziom.jpg","type":"image\/jpeg"}],"twitter_card":"summary_large_image","schema":{"@context":"https:\/\/schema.org","@graph":[{"@type":"WebPage","@id":"https:\/\/branchestore.com\/pl\/lista-zyczen\/","url":"https:\/\/branchestore.com\/pl\/lista-zyczen\/","name":"Lista \u017bycze\u0144","isPartOf":{"@id":"https:\/\/branchestore.com\/pl\/#website"},"datePublished":"2024-04-24T19:01:45+00:00","dateModified":"2025-05-16T20:52:20+00:00","breadcrumb":{"@id":"https:\/\/branchestore.com\/pl\/lista-zyczen\/#breadcrumb"},"inLanguage":"pl-PL","potentialAction":[{"@type":"ReadAction","target":["https:\/\/branchestore.com\/pl\/lista-zyczen\/"]}]},{"@type":"BreadcrumbList","@id":"https:\/\/branchestore.com\/pl\/lista-zyczen\/#breadcrumb","itemListElement":[{"@type":"ListItem","position":1,"name":"Strona g\u0142\u00f3wna","item":"https:\/\/branchestore.com\/pl\/strona-glowna\/"},{"@type":"ListItem","position":2,"name":"Lista \u017bycze\u0144"}]},{"@type":"WebSite","@id":"https:\/\/branchestore.com\/pl\/#website","url":"https:\/\/branchestore.com\/pl\/","name":"Branch\u00e9 store","description":"","publisher":{"@id":"https:\/\/branchestore.com\/pl\/#organization"},"alternateName":"Branch\u00e9","potentialAction":[{"@type":"SearchAction","target":{"@type":"EntryPoint","urlTemplate":"https:\/\/branchestore.com\/pl\/?s={search_term_string}"},"query-input":{"@type":"PropertyValueSpecification","valueRequired":true,"valueName":"search_term_string"}}],"inLanguage":"pl-PL"},{"@type":"Organization","@id":"https:\/\/branchestore.com\/pl\/#organization","name":"Branch\u00e9 store","url":"https:\/\/branchestore.com\/pl\/","logo":{"@type":"ImageObject","inLanguage":"pl-PL","@id":"https:\/\/branchestore.com\/pl\/#\/schema\/logo\/image\/","url":"https:\/\/branchestore.com\/wp-content\/uploads\/2024\/03\/branchstore_black.svg","contentUrl":"https:\/\/branchestore.com\/wp-content\/uploads\/2024\/03\/branchstore_black.svg","width":291,"height":98,"caption":"Branch\u00e9 store"},"image":{"@id":"https:\/\/branchestore.com\/pl\/#\/schema\/logo\/image\/"}}]}},"_links":{"self":[{"href":"https:\/\/branchestore.com\/pl\/wp-json\/wp\/v2\/pages\/14137","targetHints":{"allow":["GET"]}}],"collection":[{"href":"https:\/\/branchestore.com\/pl\/wp-json\/wp\/v2\/pages"}],"about":[{"href":"https:\/\/branchestore.com\/pl\/wp-json\/wp\/v2\/types\/page"}],"author":[{"embeddable":true,"href":"https:\/\/branchestore.com\/pl\/wp-json\/wp\/v2\/users\/1"}],"replies":[{"embeddable":true,"href":"https:\/\/branchestore.com\/pl\/wp-json\/wp\/v2\/comments?post=14137"}],"version-history":[{"count":1,"href":"https:\/\/branchestore.com\/pl\/wp-json\/wp\/v2\/pages\/14137\/revisions"}],"predecessor-version":[{"id":14138,"href":"https:\/\/branchestore.com\/pl\/wp-json\/wp\/v2\/pages\/14137\/revisions\/14138"}],"wp:attachment":[{"href":"https:\/\/branchestore.com\/pl\/wp-json\/wp\/v2\/media?parent=14137"}],"curies":[{"name":"wp","href":"https:\/\/api.w.org\/{rel}","templated":true}]}}